{"id":2787,"date":"2022-03-09T02:33:23","date_gmt":"2022-03-09T02:33:23","guid":{"rendered":"https:\/\/impactic.de\/hrforsme2022dach\/?page_id=2787"},"modified":"2023-02-03T18:24:49","modified_gmt":"2023-02-03T18:24:49","slug":"impressum","status":"publish","type":"page","link":"https:\/\/impactic.de\/contentcreationconference2024\/impressum\/","title":{"rendered":"Impressum"},"content":{"rendered":"\t\t<div data-elementor-type=\"wp-page\" data-elementor-id=\"2787\" class=\"elementor elementor-2787\">\n\t\t\t\t\t\t<section class=\"elementor-section elementor-top-section elementor-element elementor-element-ffa6b5f elementor-section-boxed elementor-section-height-default elementor-section-height-default\" data-id=\"ffa6b5f\" data-element_type=\"section\">\n\t\t\t\t\t\t<div class=\"elementor-container elementor-column-gap-default\">\n\t\t\t\t\t<div class=\"elementor-column elementor-col-100 elementor-top-column elementor-element elementor-element-0887c94\" data-id=\"0887c94\" data-element_type=\"column\">\n\t\t\t<div class=\"elementor-widget-wrap elementor-element-populated\">\n\t\t\t\t\t\t<div class=\"elementor-element elementor-element-462ee0c2 elementor-widget elementor-widget-text-editor\" data-id=\"462ee0c2\" data-element_type=\"widget\" data-settings=\"{&quot;ekit_we_effect_on&quot;:&quot;none&quot;}\" data-widget_type=\"text-editor.default\">\n\t\t\t\t<div class=\"elementor-widget-container\">\n\t\t\t\t\t\t\t\t\t<p>Gesch\u00e4ftsbezeichnung: Impactic Global GmbH<\/p><p>Firmensitz: Stuttgarter Platz 5, 10627 Berlin<\/p><p>Gesch\u00e4ftsf\u00fchrer: Mostafa Namira<\/p><p>Telefon: +49-3062933970<\/p><p>E-Mail: info@impactic.de<\/p><p>Registergericht: Amtsgericht Charlottenburg<\/p><p>Registernummer: HRB 215901<\/p><p>USt-ID gem. \u00a7 27a UStG: DE329091894<\/p><p>Inhaltlich Verantwortlicher<\/p><p>nach \u00a7 6 Abs.2 MDStV: Mostafa Namira<\/p><p>Copyright<\/p><p>All information, content, images and graphics on this website are subject to copyright and may only be published or further processed after approval by third parties.<\/p><p>Disclaimer:<\/p><p>The content of our website was created with great care. However, we cannot guarantee that the content is correct, complete and up to date<\/p><p>Impactic Global GmbH. All Rights Reserved<\/p>\t\t\t\t\t\t\t\t<\/div>\n\t\t\t\t<\/div>\n\t\t\t\t\t<\/div>\n\t\t<\/div>\n\t\t\t\t\t<\/div>\n\t\t<\/section>\n\t\t\t\t<\/div>\n\t\t","protected":false},"excerpt":{"rendered":"<p>Gesch\u00e4ftsbezeichnung: Impactic Global GmbH Firmensitz: Stuttgarter Platz 5, 10627 Berlin Gesch\u00e4ftsf\u00fchrer: Mostafa Namira Telefon: +49-3062933970 E-Mail: info@impactic.de Registergericht: Amtsgericht Charlottenburg Registernummer: HRB 215901 USt-ID gem. \u00a7 27a UStG: DE329091894 Inhaltlich Verantwortlicher nach \u00a7 6 Abs.2 MDStV: Mostafa Namira Copyright All information, content, images and graphics on this website are subject to copyright and may only [&hellip;]<\/p>\n","protected":false},"author":1,"featured_media":0,"parent":0,"menu_order":0,"comment_status":"closed","ping_status":"closed","template":"template\/full-width-template.php","meta":{"footnotes":""},"class_list":["post-2787","page","type-page","status-publish","hentry"],"_links":{"self":[{"href":"https:\/\/impactic.de\/contentcreationconference2024\/wp-json\/wp\/v2\/pages\/2787","targetHints":{"allow":["GET"]}}],"collection":[{"href":"https:\/\/impactic.de\/contentcreationconference2024\/wp-json\/wp\/v2\/pages"}],"about":[{"href":"https:\/\/impactic.de\/contentcreationconference2024\/wp-json\/wp\/v2\/types\/page"}],"author":[{"embeddable":true,"href":"https:\/\/impactic.de\/contentcreationconference2024\/wp-json\/wp\/v2\/users\/1"}],"replies":[{"embeddable":true,"href":"https:\/\/impactic.de\/contentcreationconference2024\/wp-json\/wp\/v2\/comments?post=2787"}],"version-history":[{"count":11,"href":"https:\/\/impactic.de\/contentcreationconference2024\/wp-json\/wp\/v2\/pages\/2787\/revisions"}],"predecessor-version":[{"id":3753,"href":"https:\/\/impactic.de\/contentcreationconference2024\/wp-json\/wp\/v2\/pages\/2787\/revisions\/3753"}],"wp:attachment":[{"href":"https:\/\/impactic.de\/contentcreationconference2024\/wp-json\/wp\/v2\/media?parent=2787"}],"curies":[{"name":"wp","href":"https:\/\/api.w.org\/{rel}","templated":true}]}}